{"id":794,"date":"2025-10-01T05:32:26","date_gmt":"2025-10-01T04:32:26","guid":{"rendered":"https:\/\/xplr7.com\/?page_id=794"},"modified":"2025-10-13T12:34:11","modified_gmt":"2025-10-13T11:34:11","slug":"individuelle-loesung","status":"publish","type":"page","link":"https:\/\/xplr7.com\/en\/individuelle-loesung\/","title":{"rendered":"Individuelle L\u00f6sung"},"content":{"rendered":"<div data-elementor-type=\"wp-page\" data-elementor-id=\"794\" class=\"elementor elementor-794\" data-elementor-settings=\"{&quot;ha_cmc_init_switcher&quot;:&quot;no&quot;}\">\n\t\t\t\t<div class=\"elementor-element elementor-element-6b31cb8 e-flex e-con-boxed e-con e-parent\" data-id=\"6b31cb8\" data-element_type=\"container\" data-e-type=\"container\" data-settings=\"{&quot;_ha_eqh_enable&quot;:false}\">\n\t\t\t\t\t<div class=\"e-con-inner\">\n\t\t\t\t<div class=\"elementor-element elementor-element-1d17e8a elementor-widget elementor-widget-spacer\" data-id=\"1d17e8a\" data-element_type=\"widget\" data-e-type=\"widget\" data-widget_type=\"spacer.default\">\n\t\t\t\t\t\t\t<div class=\"elementor-spacer\">\n\t\t\t<div class=\"elementor-spacer-inner\"><\/div>\n\t\t<\/div>\n\t\t\t\t\t\t<\/div>\n\t\t\t\t<div class=\"elementor-element elementor-element-1271f45 elementor-widget elementor-widget-heading\" data-id=\"1271f45\" data-element_type=\"widget\" data-e-type=\"widget\" data-widget_type=\"heading.default\">\n\t\t\t\t\t<h2 class=\"elementor-heading-title elementor-size-default\">Deine individuelle L\u00f6sung<\/h2>\t\t\t\t<\/div>\n\t\t\t\t<div class=\"elementor-element elementor-element-c333d6d elementor-widget elementor-widget-text-editor\" data-id=\"c333d6d\" data-element_type=\"widget\" data-e-type=\"widget\" data-widget_type=\"text-editor.default\">\n\t\t\t\t\t\t\t\t\t<p>Wir sind stehts bem\u00fcht dir ein Produkt zur Verf\u00fcgung zu stelen welches deinem Fahrzeug und deinen Anspr\u00fcchen gerecht wird.<\/p>\t\t\t\t\t\t\t\t<\/div>\n\t\t\t\t\t<\/div>\n\t\t\t\t<\/div>\n\t\t<div class=\"elementor-element elementor-element-c745856 e-flex e-con-boxed e-con e-parent\" data-id=\"c745856\" data-element_type=\"container\" data-e-type=\"container\" data-settings=\"{&quot;_ha_eqh_enable&quot;:false}\">\n\t\t\t\t\t<div class=\"e-con-inner\">\n\t\t<div class=\"elementor-element elementor-element-893e496 e-grid e-con-full e-con e-child\" data-id=\"893e496\" data-element_type=\"container\" data-e-type=\"container\" data-settings=\"{&quot;_ha_eqh_enable&quot;:false}\">\n\t\t\t\t<div class=\"elementor-element elementor-element-304363a elementor-widget elementor-widget-image\" data-id=\"304363a\" data-element_type=\"widget\" data-e-type=\"widget\" data-widget_type=\"image.default\">\n\t\t\t\t\t\t\t\t\t\t\t\t\t\t\t<img decoding=\"async\" src=\"https:\/\/xplr7.com\/wp-content\/plugins\/elementor\/assets\/images\/placeholder.png\" title=\"\" alt=\"\" class=\"elementor-animation-grow\" loading=\"lazy\" \/>\t\t\t\t\t\t\t\t\t\t\t\t\t\t\t<\/div>\n\t\t\t\t<div class=\"elementor-element elementor-element-75f7970 elementor-widget elementor-widget-image\" data-id=\"75f7970\" data-element_type=\"widget\" data-e-type=\"widget\" data-widget_type=\"image.default\">\n\t\t\t\t\t\t\t\t\t\t\t\t\t\t\t<img decoding=\"async\" src=\"https:\/\/xplr7.com\/wp-content\/plugins\/elementor\/assets\/images\/placeholder.png\" title=\"\" alt=\"\" class=\"elementor-animation-grow\" loading=\"lazy\" \/>\t\t\t\t\t\t\t\t\t\t\t\t\t\t\t<\/div>\n\t\t\t\t<\/div>\n\t\t\t\t\t<\/div>\n\t\t\t\t<\/div>\n\t\t<div class=\"elementor-element elementor-element-5a294fd e-flex e-con-boxed e-con e-parent\" data-id=\"5a294fd\" data-element_type=\"container\" data-e-type=\"container\" data-settings=\"{&quot;_ha_eqh_enable&quot;:false}\">\n\t\t\t\t\t<div class=\"e-con-inner\">\n\t\t\t\t<div class=\"elementor-element elementor-element-310eb73 elementor-widget elementor-widget-spacer\" data-id=\"310eb73\" data-element_type=\"widget\" data-e-type=\"widget\" data-widget_type=\"spacer.default\">\n\t\t\t\t\t\t\t<div class=\"elementor-spacer\">\n\t\t\t<div class=\"elementor-spacer-inner\"><\/div>\n\t\t<\/div>\n\t\t\t\t\t\t<\/div>\n\t\t\t\t<div class=\"elementor-element elementor-element-6cfb004 elementor-widget elementor-widget-text-editor\" data-id=\"6cfb004\" data-element_type=\"widget\" data-e-type=\"widget\" data-widget_type=\"text-editor.default\">\n\t\t\t\t\t\t\t\t\t<p>Schick uns eine Anfrage mit einer kurzen Beschreibung deiner Vostellungen und W\u00fcnsche. Wir werden uns umgehend mit dir in Verbindung setzen um weitere Details zu besprechn. Schick uns am Besten gleich ein paar Fotos von deinem Fahrzeug mit, damit wir einen noch besseren Entwurf f\u00fcr dich vorbereiten k\u00f6nnen.<\/p>\t\t\t\t\t\t\t\t<\/div>\n\t\t\t\t<div class=\"elementor-element elementor-element-62e8ca1 elementor-align-center elementor-widget__width-inherit elementor-invisible elementor-widget elementor-widget-button\" data-id=\"62e8ca1\" data-element_type=\"widget\" data-e-type=\"widget\" data-settings=\"{&quot;_animation&quot;:&quot;fadeIn&quot;}\" data-widget_type=\"button.default\">\n\t\t\t\t\t\t\t\t\t\t<a class=\"elementor-button elementor-button-link elementor-size-sm\" href=\"http:\/\/xplr7.com\/en\/anfrage\/\">\n\t\t\t\t\t\t<span class=\"elementor-button-content-wrapper\">\n\t\t\t\t\t\t<span class=\"elementor-button-icon\">\n\t\t\t\t<svg aria-hidden=\"true\" class=\"e-font-icon-svg e-far-edit\" viewbox=\"0 0 576 512\" xmlns=\"http:\/\/www.w3.org\/2000\/svg\"><path d=\"M402.3 344.9l32-32c5-5 13.7-1.5 13.7 5.7V464c0 26.5-21.5 48-48 48H48c-26.5 0-48-21.5-48-48V112c0-26.5 21.5-48 48-48h273.5c7.1 0 10.7 8.6 5.7 13.7l-32 32c-1.5 1.5-3.5 2.3-5.7 2.3H48v352h352V350.5c0-2.1.8-4.1 2.3-5.6zm156.6-201.8L296.3 405.7l-90.4 10c-26.2 2.9-48.5-19.2-45.6-45.6l10-90.4L432.9 17.1c22.9-22.9 59.9-22.9 82.7 0l43.2 43.2c22.9 22.9 22.9 60 .1 82.8zM460.1 174L402 115.9 216.2 301.8l-7.3 65.3 65.3-7.3L460.1 174zm64.8-79.7l-43.2-43.2c-4.1-4.1-10.8-4.1-14.8 0L436 82l58.1 58.1 30.9-30.9c4-4.2 4-10.8-.1-14.9z\"><\/path><\/svg>\t\t\t<\/span>\n\t\t\t\t\t\t\t\t\t<span class=\"elementor-button-text\">Anfrage<\/span>\n\t\t\t\t\t<\/span>\n\t\t\t\t\t<\/a>\n\t\t\t\t\t\t\t\t<\/div>\n\t\t\t\t<div class=\"elementor-element elementor-element-502b153 elementor-widget elementor-widget-spacer\" data-id=\"502b153\" data-element_type=\"widget\" data-e-type=\"widget\" data-widget_type=\"spacer.default\">\n\t\t\t\t\t\t\t<div class=\"elementor-spacer\">\n\t\t\t<div class=\"elementor-spacer-inner\"><\/div>\n\t\t<\/div>\n\t\t\t\t\t\t<\/div>\n\t\t\t\t\t<\/div>\n\t\t\t\t<\/div>\n\t\t\t\t<\/div>","protected":false},"excerpt":{"rendered":"<p>Deine individuelle L\u00f6sung Wir sind stehts bem\u00fcht dir ein Produkt zur Verf\u00fcgung zu stelen welches deinem Fahrzeug und deinen Anspr\u00fcchen [&hellip;]<\/p>\n","protected":false},"author":1,"featured_media":0,"parent":0,"menu_order":0,"comment_status":"closed","ping_status":"closed","template":"","meta":{"site-sidebar-layout":"no-sidebar","site-content-layout":"","ast-site-content-layout":"full-width-container","site-content-style":"default","site-sidebar-style":"default","ast-global-header-display":"","ast-banner-title-visibility":"","ast-main-header-display":"","ast-hfb-above-header-display":"","ast-hfb-below-header-display":"","ast-hfb-mobile-header-display":"","site-post-title":"disabled","ast-breadcrumbs-content":"","ast-featured-img":"disabled","footer-sml-layout":"","ast-disable-related-posts":"","theme-transparent-header-meta":"","adv-header-id-meta":"","stick-header-meta":"","header-above-stick-meta":"","header-main-stick-meta":"","header-below-stick-meta":"","astra-migrate-meta-layouts":"default","ast-page-background-enabled":"default","ast-page-background-meta":{"desktop":{"background-color":"var(--ast-global-color-5)","background-image":"","background-repeat":"repeat","background-position":"center center","background-size":"auto","background-attachment":"scroll","background-type":"","background-media":"","overlay-type":"","overlay-color":"","overlay-opacity":"","overlay-gradient":""},"tablet":{"background-color":"","background-image":"","background-repeat":"repeat","background-position":"center center","background-size":"auto","background-attachment":"scroll","background-type":"","background-media":"","overlay-type":"","overlay-color":"","overlay-opacity":"","overlay-gradient":""},"mobile":{"background-color":"","background-image":"","background-repeat":"repeat","background-position":"center center","background-size":"auto","background-attachment":"scroll","background-type":"","background-media":"","overlay-type":"","overlay-color":"","overlay-opacity":"","overlay-gradient":""}},"ast-content-background-meta":{"desktop":{"background-color":"var(--ast-global-color-4)","background-image":"","background-repeat":"repeat","background-position":"center center","background-size":"auto","background-attachment":"scroll","background-type":"","background-media":"","overlay-type":"","overlay-color":"","overlay-opacity":"","overlay-gradient":""},"tablet":{"background-color":"var(--ast-global-color-4)","background-image":"","background-repeat":"repeat","background-position":"center center","background-size":"auto","background-attachment":"scroll","background-type":"","background-media":"","overlay-type":"","overlay-color":"","overlay-opacity":"","overlay-gradient":""},"mobile":{"background-color":"var(--ast-global-color-4)","background-image":"","background-repeat":"repeat","background-position":"center center","background-size":"auto","background-attachment":"scroll","background-type":"","background-media":"","overlay-type":"","overlay-color":"","overlay-opacity":"","overlay-gradient":""}},"footnotes":""},"class_list":["post-794","page","type-page","status-publish","hentry"],"yoast_head":"<!-- This site is optimized with the Yoast SEO plugin v27.1.1 - https:\/\/yoast.com\/product\/yoast-seo-wordpress\/ -->\n<title>Individuelle L\u00f6sung - XPLR-7<\/title>\n<meta name=\"robots\" content=\"index, follow, max-snippet:-1, max-image-preview:large, max-video-preview:-1\" \/>\n<link rel=\"canonical\" href=\"https:\/\/xplr7.com\/en\/individuelle-loesung\/\" \/>\n<meta property=\"og:locale\" content=\"en_GB\" \/>\n<meta property=\"og:type\" content=\"article\" \/>\n<meta property=\"og:title\" content=\"Individuelle L\u00f6sung - XPLR-7\" \/>\n<meta property=\"og:description\" content=\"Deine individuelle L\u00f6sung Wir sind stehts bem\u00fcht dir ein Produkt zur Verf\u00fcgung zu stelen welches deinem Fahrzeug und deinen Anspr\u00fcchen [&hellip;]\" \/>\n<meta property=\"og:url\" content=\"https:\/\/xplr7.com\/en\/individuelle-loesung\/\" \/>\n<meta property=\"og:site_name\" content=\"XPLR-7\" \/>\n<meta property=\"article:modified_time\" content=\"2025-10-13T11:34:11+00:00\" \/>\n<meta property=\"og:image\" content=\"https:\/\/xplr7.com\/wp-content\/plugins\/elementor\/assets\/images\/placeholder.png\" \/>\n<meta name=\"twitter:card\" content=\"summary_large_image\" \/>\n<meta name=\"twitter:label1\" content=\"Estimated reading time\" \/>\n\t<meta name=\"twitter:data1\" content=\"1 minute\" \/>\n<script type=\"application\/ld+json\" class=\"yoast-schema-graph\">{\"@context\":\"https:\/\/schema.org\",\"@graph\":[{\"@type\":\"WebPage\",\"@id\":\"https:\/\/xplr7.com\/individuelle-loesung\/\",\"url\":\"https:\/\/xplr7.com\/individuelle-loesung\/\",\"name\":\"Individuelle L\u00f6sung - XPLR-7\",\"isPartOf\":{\"@id\":\"https:\/\/xplr7.com\/#website\"},\"primaryImageOfPage\":{\"@id\":\"https:\/\/xplr7.com\/individuelle-loesung\/#primaryimage\"},\"image\":{\"@id\":\"https:\/\/xplr7.com\/individuelle-loesung\/#primaryimage\"},\"thumbnailUrl\":\"https:\/\/xplr7.com\/wp-content\/plugins\/elementor\/assets\/images\/placeholder.png\",\"datePublished\":\"2025-10-01T04:32:26+00:00\",\"dateModified\":\"2025-10-13T11:34:11+00:00\",\"breadcrumb\":{\"@id\":\"https:\/\/xplr7.com\/individuelle-loesung\/#breadcrumb\"},\"inLanguage\":\"en-GB\",\"potentialAction\":[{\"@type\":\"ReadAction\",\"target\":[\"https:\/\/xplr7.com\/individuelle-loesung\/\"]}]},{\"@type\":\"ImageObject\",\"inLanguage\":\"en-GB\",\"@id\":\"https:\/\/xplr7.com\/individuelle-loesung\/#primaryimage\",\"url\":\"https:\/\/xplr7.com\/wp-content\/plugins\/elementor\/assets\/images\/placeholder.png\",\"contentUrl\":\"https:\/\/xplr7.com\/wp-content\/plugins\/elementor\/assets\/images\/placeholder.png\"},{\"@type\":\"BreadcrumbList\",\"@id\":\"https:\/\/xplr7.com\/individuelle-loesung\/#breadcrumb\",\"itemListElement\":[{\"@type\":\"ListItem\",\"position\":1,\"name\":\"Startseite\",\"item\":\"https:\/\/xplr7.com\/\"},{\"@type\":\"ListItem\",\"position\":2,\"name\":\"Individuelle L\u00f6sung\"}]},{\"@type\":\"WebSite\",\"@id\":\"https:\/\/xplr7.com\/#website\",\"url\":\"https:\/\/xplr7.com\/\",\"name\":\"XPLR-7\",\"description\":\"Adventure &amp; Exploration Vehicle-Gear\",\"publisher\":{\"@id\":\"https:\/\/xplr7.com\/#organization\"},\"potentialAction\":[{\"@type\":\"SearchAction\",\"target\":{\"@type\":\"EntryPoint\",\"urlTemplate\":\"https:\/\/xplr7.com\/?s={search_term_string}\"},\"query-input\":{\"@type\":\"PropertyValueSpecification\",\"valueRequired\":true,\"valueName\":\"search_term_string\"}}],\"inLanguage\":\"en-GB\"},{\"@type\":\"Organization\",\"@id\":\"https:\/\/xplr7.com\/#organization\",\"name\":\"XPLR-7\",\"url\":\"https:\/\/xplr7.com\/\",\"logo\":{\"@type\":\"ImageObject\",\"inLanguage\":\"en-GB\",\"@id\":\"https:\/\/xplr7.com\/#\/schema\/logo\/image\/\",\"url\":\"https:\/\/xplr7.com\/wp-content\/uploads\/2025\/10\/cropped-Logo_V2.png\",\"contentUrl\":\"https:\/\/xplr7.com\/wp-content\/uploads\/2025\/10\/cropped-Logo_V2.png\",\"width\":930,\"height\":453,\"caption\":\"XPLR-7\"},\"image\":{\"@id\":\"https:\/\/xplr7.com\/#\/schema\/logo\/image\/\"}}]}<\/script>\n<!-- \/ Yoast SEO plugin. -->","yoast_head_json":{"title":"Individuelle L\u00f6sung - XPLR-7","robots":{"index":"index","follow":"follow","max-snippet":"max-snippet:-1","max-image-preview":"max-image-preview:large","max-video-preview":"max-video-preview:-1"},"canonical":"https:\/\/xplr7.com\/en\/individuelle-loesung\/","og_locale":"en_GB","og_type":"article","og_title":"Individuelle L\u00f6sung - XPLR-7","og_description":"Deine individuelle L\u00f6sung Wir sind stehts bem\u00fcht dir ein Produkt zur Verf\u00fcgung zu stelen welches deinem Fahrzeug und deinen Anspr\u00fcchen [&hellip;]","og_url":"https:\/\/xplr7.com\/en\/individuelle-loesung\/","og_site_name":"XPLR-7","article_modified_time":"2025-10-13T11:34:11+00:00","og_image":[{"url":"https:\/\/xplr7.com\/wp-content\/plugins\/elementor\/assets\/images\/placeholder.png","type":"","width":"","height":""}],"twitter_card":"summary_large_image","twitter_misc":{"Estimated reading time":"1 minute"},"schema":{"@context":"https:\/\/schema.org","@graph":[{"@type":"WebPage","@id":"https:\/\/xplr7.com\/individuelle-loesung\/","url":"https:\/\/xplr7.com\/individuelle-loesung\/","name":"Individuelle L\u00f6sung - XPLR-7","isPartOf":{"@id":"https:\/\/xplr7.com\/#website"},"primaryImageOfPage":{"@id":"https:\/\/xplr7.com\/individuelle-loesung\/#primaryimage"},"image":{"@id":"https:\/\/xplr7.com\/individuelle-loesung\/#primaryimage"},"thumbnailUrl":"https:\/\/xplr7.com\/wp-content\/plugins\/elementor\/assets\/images\/placeholder.png","datePublished":"2025-10-01T04:32:26+00:00","dateModified":"2025-10-13T11:34:11+00:00","breadcrumb":{"@id":"https:\/\/xplr7.com\/individuelle-loesung\/#breadcrumb"},"inLanguage":"en-GB","potentialAction":[{"@type":"ReadAction","target":["https:\/\/xplr7.com\/individuelle-loesung\/"]}]},{"@type":"ImageObject","inLanguage":"en-GB","@id":"https:\/\/xplr7.com\/individuelle-loesung\/#primaryimage","url":"https:\/\/xplr7.com\/wp-content\/plugins\/elementor\/assets\/images\/placeholder.png","contentUrl":"https:\/\/xplr7.com\/wp-content\/plugins\/elementor\/assets\/images\/placeholder.png"},{"@type":"BreadcrumbList","@id":"https:\/\/xplr7.com\/individuelle-loesung\/#breadcrumb","itemListElement":[{"@type":"ListItem","position":1,"name":"Startseite","item":"https:\/\/xplr7.com\/"},{"@type":"ListItem","position":2,"name":"Individuelle L\u00f6sung"}]},{"@type":"WebSite","@id":"https:\/\/xplr7.com\/#website","url":"https:\/\/xplr7.com\/","name":"XPLR-7","description":"Adventure &amp; Exploration Vehicle-Gear","publisher":{"@id":"https:\/\/xplr7.com\/#organization"},"potentialAction":[{"@type":"SearchAction","target":{"@type":"EntryPoint","urlTemplate":"https:\/\/xplr7.com\/?s={search_term_string}"},"query-input":{"@type":"PropertyValueSpecification","valueRequired":true,"valueName":"search_term_string"}}],"inLanguage":"en-GB"},{"@type":"Organization","@id":"https:\/\/xplr7.com\/#organization","name":"XPLR-7","url":"https:\/\/xplr7.com\/","logo":{"@type":"ImageObject","inLanguage":"en-GB","@id":"https:\/\/xplr7.com\/#\/schema\/logo\/image\/","url":"https:\/\/xplr7.com\/wp-content\/uploads\/2025\/10\/cropped-Logo_V2.png","contentUrl":"https:\/\/xplr7.com\/wp-content\/uploads\/2025\/10\/cropped-Logo_V2.png","width":930,"height":453,"caption":"XPLR-7"},"image":{"@id":"https:\/\/xplr7.com\/#\/schema\/logo\/image\/"}}]}},"_hostinger_reach_plugin_has_subscription_block":false,"_hostinger_reach_plugin_is_elementor":false,"_links":{"self":[{"href":"https:\/\/xplr7.com\/en\/wp-json\/wp\/v2\/pages\/794","targetHints":{"allow":["GET"]}}],"collection":[{"href":"https:\/\/xplr7.com\/en\/wp-json\/wp\/v2\/pages"}],"about":[{"href":"https:\/\/xplr7.com\/en\/wp-json\/wp\/v2\/types\/page"}],"author":[{"embeddable":true,"href":"https:\/\/xplr7.com\/en\/wp-json\/wp\/v2\/users\/1"}],"replies":[{"embeddable":true,"href":"https:\/\/xplr7.com\/en\/wp-json\/wp\/v2\/comments?post=794"}],"version-history":[{"count":41,"href":"https:\/\/xplr7.com\/en\/wp-json\/wp\/v2\/pages\/794\/revisions"}],"predecessor-version":[{"id":1301,"href":"https:\/\/xplr7.com\/en\/wp-json\/wp\/v2\/pages\/794\/revisions\/1301"}],"wp:attachment":[{"href":"https:\/\/xplr7.com\/en\/wp-json\/wp\/v2\/media?parent=794"}],"curies":[{"name":"wp","href":"https:\/\/api.w.org\/{rel}","templated":true}]}}