{"id":455,"date":"2025-09-29T09:22:58","date_gmt":"2025-09-29T08:22:58","guid":{"rendered":"https:\/\/xplr7.com\/?page_id=455"},"modified":"2025-10-05T12:29:27","modified_gmt":"2025-10-05T11:29:27","slug":"aktuelles","status":"publish","type":"page","link":"https:\/\/xplr7.com\/en\/aktuelles\/","title":{"rendered":"Aktuelles"},"content":{"rendered":"<div data-elementor-type=\"wp-page\" data-elementor-id=\"455\" class=\"elementor elementor-455\" data-elementor-settings=\"{&quot;ha_cmc_init_switcher&quot;:&quot;no&quot;}\">\n\t\t\t\t<div class=\"elementor-element elementor-element-537b9ef e-flex e-con-boxed e-con e-parent\" data-id=\"537b9ef\" data-element_type=\"container\" data-e-type=\"container\" data-settings=\"{&quot;background_background&quot;:&quot;classic&quot;,&quot;_ha_eqh_enable&quot;:false}\">\n\t\t\t\t\t<div class=\"e-con-inner\">\n\t\t\t\t<div class=\"elementor-element elementor-element-4df295c elementor-widget elementor-widget-spacer\" data-id=\"4df295c\" data-element_type=\"widget\" data-e-type=\"widget\" data-widget_type=\"spacer.default\">\n\t\t\t\t\t\t\t<div class=\"elementor-spacer\">\n\t\t\t<div class=\"elementor-spacer-inner\"><\/div>\n\t\t<\/div>\n\t\t\t\t\t\t<\/div>\n\t\t\t\t<div class=\"elementor-element elementor-element-8a9af02 elementor-widget elementor-widget-heading\" data-id=\"8a9af02\" data-element_type=\"widget\" data-e-type=\"widget\" data-widget_type=\"heading.default\">\n\t\t\t\t\t<h2 class=\"elementor-heading-title elementor-size-default\">Bei welchen Messen und Veranstaltungen findest du uns<\/h2>\t\t\t\t<\/div>\n\t\t\t\t\t<\/div>\n\t\t\t\t<\/div>\n\t\t<div class=\"elementor-element elementor-element-1abfccd e-flex e-con-boxed e-con e-parent\" data-id=\"1abfccd\" data-element_type=\"container\" data-e-type=\"container\" data-settings=\"{&quot;background_background&quot;:&quot;classic&quot;,&quot;shape_divider_bottom&quot;:&quot;nature&quot;,&quot;_ha_eqh_enable&quot;:false}\">\n\t\t\t\t\t<div class=\"e-con-inner\">\n\t\t\t\t<div class=\"elementor-shape elementor-shape-bottom\" aria-hidden=\"true\" data-negative=\"false\">\n\t\t\t<svg xmlns=\"http:\/\/www.w3.org\/2000\/svg\" viewbox=\"0 0 4080 400\" preserveaspectratio=\"none\">\n<polygon class=\"elementor-shape-fill ha-shape-divider\" opacity=\"0.8\" enable-background=\"new    \" points=\"0,102.1 94.6,102.1 26.3,245.4 0,187.5 \"\/>\n<polygon class=\"elementor-shape-fill ha-shape-divider\" opacity=\"0.5\" enable-background=\"new    \" points=\"1398.3,169.1 1635.8,182.7 1570.6,379.9 1515.4,195.9\t1499.9,234.6 1482.3,217.3 1459.7,278.5 1434.2,233.1 1409.1,245.9 1388,190.7 \"\/>\n<path class=\"elementor-shape-fill ha-shape-divider\" opacity=\"0.2\" enable-background=\"new    \" d=\"M1579.3,156.6c0,65.7,53.2,118.9,118.9,118.9\tc49.7,0,92.2-30.5,110-73.8c15.5,17.5,38.3,28.6,63.6,28.6c46.9,0,85-38,85-85L1579.3,156.6z\"\/>\n<path class=\"elementor-shape-fill ha-shape-divider\" opacity=\"0.2\" enable-background=\"new    \" d=\"M2073,147.1c16,38.5,53.9,65.6,98.2,65.6c24,0,46.2-8,64-21.5\tc4.4,42.9,40.6,76.3,84.6,76.3c44.3,0,80.7-33.8,84.7-77.1C2299,191.1,2184,180.2,2073,147.1z\"\/>\n<path class=\"elementor-shape-fill ha-shape-divider\" opacity=\"0.2\" enable-background=\"new    \" d=\"M2285.7,75.1l-114.5-75c-58.7,0-106.3,47.6-106.3,106.3\tc0,0.3,0,0.6,0,0.9L2285.7,75.1z\"\/>\n<path class=\"elementor-shape-fill ha-shape-divider\" opacity=\"0.3\" enable-background=\"new    \" d=\"M4080,68.6V0L2818.6,9l-827.5,109\tc122.5,50.8,254.3,69.7,375.9,72.1l46.8,127.3l36.9-114.6l14.3,52.5l17.6-10.9l18.5,42l14.3-62.1l14.3,20.2l8.4-41.6l42,173.4\tl46.6-203.5c115.6-17,191.9-40.3,191.9-40.3s235.8-66.8,476.8-84.1c169-12.1,367.7,31.9,367.7,31.9S3890.5,191.4,4080,68.6z\"\/>\n<path class=\"elementor-shape-fill ha-shape-divider\" opacity=\"0.2\" enable-background=\"new    \" d=\"M4080.1,216.8V68.7c0,0,0,0-0.1,0c-61.7,40-127.4,55.1-188,57.4\tl43.7,66.4l36.1-60.5l36.9,55l32.7-7.1l30.2,36.9H4080.1z\"\/>\n<path class=\"elementor-shape-fill ha-shape-divider\" opacity=\"0.8\" enable-background=\"new    \" d=\"M3496.3,54.2c12.1,39.7,47,70.3,90.9,74.8\tc23.9,2.4,46.8-3.3,65.9-14.9c0,43.1,32.6,80,76.4,84.5c44.1,4.5,83.7-25.5,92.1-68.1c-104.6-10-217.4-32.3-324.1-76.2\tC3497.1,54.3,3496.6,54.3,3496.3,54.2z\"\/>\n<path class=\"elementor-shape-fill ha-shape-divider\" opacity=\"0.7\" enable-background=\"new    \" d=\"M2867.3,119.7l22.9,33.1l27.1-8.7l28.1,29.6l22.1-43.1l20.6,14.5\tl34.5-59.5C2958,98,2903.6,110.7,2867.3,119.7z\"\/>\n<path class=\"elementor-shape-fill ha-shape-divider\" d=\"M4080,0H0v132.6c0,0,117.6-52.2,398-71.7l16.4,34.2l28.1-4.4l23.2,33.6l28.5-39.2l18.1,17.6l39-48.3\tc20.9-0.4,42.5-0.6,64.7-0.6c8.5,0,16.9,0.1,25.4,0.2v63.1c-26.2,1.8-47.1,29.8-47.1,64.1c0,35.5,22.4,64.3,50,64.3s50-28.8,50-64.3\tc0-34.2-20.8-62.2-47.1-64.1v-63c30,0.6,59.9,2,89.3,4v25c-11.9,1.9-21.2,15.1-21.2,31c0,17.2,10.9,31.2,24.3,31.2\tc13.4,0,24.3-13.9,24.3-31.2c0-15.9-9.2-29.1-21.2-31V58.5c305.5,22.2,564.6,114.9,564.6,114.9c317,85.5,690.4-28.9,1012.6-89.4\tc227.1-42.7,498.7-61.8,498.7-61.8s302.5-21.1,522.8,0C3561.7,43.2,3839.8,272.8,4080,0z\"\/>\n<\/svg>\n\t\t<\/div>\n\t\t<div class=\"elementor-element elementor-element-c828149 e-con-full e-flex e-con e-child\" data-id=\"c828149\" data-element_type=\"container\" data-e-type=\"container\" data-settings=\"{&quot;background_background&quot;:&quot;classic&quot;,&quot;_ha_eqh_enable&quot;:false}\">\n\t\t\t\t<div class=\"elementor-element elementor-element-1de145b elementor-widget elementor-widget-image\" data-id=\"1de145b\" data-element_type=\"widget\" data-e-type=\"widget\" data-widget_type=\"image.default\">\n\t\t\t\t\t\t\t\t\t\t\t\t\t\t\t<img decoding=\"async\" src=\"https:\/\/xplr7.com\/wp-content\/plugins\/elementor\/assets\/images\/placeholder.png\" title=\"\" alt=\"\" loading=\"lazy\" \/>\t\t\t\t\t\t\t\t\t\t\t\t\t\t\t<\/div>\n\t\t\t\t<div class=\"elementor-element elementor-element-d9ab5f7 ha-has-bg-overlay elementor-widget elementor-widget-text-editor\" data-id=\"d9ab5f7\" data-element_type=\"widget\" data-e-type=\"widget\" data-widget_type=\"text-editor.default\">\n\t\t\t\t\t\t\t\t\t<p>\u00a0<\/p><p>Sei gepsannt welche Termin f\u00fcr 2026 folgen&#8230;<\/p><p>Wir k\u00f6nnen es kaum erwarten dir unsere Produkte pers\u00f6nlich zu pr\u00e4sentieren<\/p>\t\t\t\t\t\t\t\t<\/div>\n\t\t\t\t<\/div>\n\t\t<div class=\"elementor-element elementor-element-3315e7c e-con-full e-flex e-con e-child\" data-id=\"3315e7c\" data-element_type=\"container\" data-e-type=\"container\" data-settings=\"{&quot;_ha_eqh_enable&quot;:false}\">\n\t\t\t\t<\/div>\n\t\t<div class=\"elementor-element elementor-element-ba6027a e-con-full e-flex e-con e-child\" data-id=\"ba6027a\" data-element_type=\"container\" data-e-type=\"container\" data-settings=\"{&quot;_ha_eqh_enable&quot;:false}\">\n\t\t\t\t<\/div>\n\t\t<div class=\"elementor-element elementor-element-263ec1a e-con-full e-flex e-con e-child\" data-id=\"263ec1a\" data-element_type=\"container\" data-e-type=\"container\" data-settings=\"{&quot;_ha_eqh_enable&quot;:false}\">\n\t\t\t\t<\/div>\n\t\t\t\t\t<\/div>\n\t\t\t\t<\/div>\n\t\t<div class=\"elementor-element elementor-element-d49a914 e-flex e-con-boxed e-con e-parent\" data-id=\"d49a914\" data-element_type=\"container\" data-e-type=\"container\" data-settings=\"{&quot;_ha_eqh_enable&quot;:false}\">\n\t\t\t\t\t<div class=\"e-con-inner\">\n\t\t\t\t<div class=\"elementor-element elementor-element-ede5f44 elementor-widget elementor-widget-spacer\" data-id=\"ede5f44\" data-element_type=\"widget\" data-e-type=\"widget\" data-widget_type=\"spacer.default\">\n\t\t\t\t\t\t\t<div class=\"elementor-spacer\">\n\t\t\t<div class=\"elementor-spacer-inner\"><\/div>\n\t\t<\/div>\n\t\t\t\t\t\t<\/div>\n\t\t\t\t\t<\/div>\n\t\t\t\t<\/div>\n\t\t\t\t<\/div>","protected":false},"excerpt":{"rendered":"<p>Bei welchen Messen und Veranstaltungen findest du uns \u00a0 Sei gepsannt welche Termin f\u00fcr 2026 folgen&#8230; Wir k\u00f6nnen es kaum [&hellip;]<\/p>\n","protected":false},"author":1,"featured_media":0,"parent":0,"menu_order":0,"comment_status":"closed","ping_status":"closed","template":"","meta":{"site-sidebar-layout":"no-sidebar","site-content-layout":"","ast-site-content-layout":"full-width-container","site-content-style":"default","site-sidebar-style":"default","ast-global-header-display":"","ast-banner-title-visibility":"","ast-main-header-display":"","ast-hfb-above-header-display":"","ast-hfb-below-header-display":"","ast-hfb-mobile-header-display":"","site-post-title":"disabled","ast-breadcrumbs-content":"","ast-featured-img":"disabled","footer-sml-layout":"","ast-disable-related-posts":"","theme-transparent-header-meta":"","adv-header-id-meta":"","stick-header-meta":"","header-above-stick-meta":"","header-main-stick-meta":"","header-below-stick-meta":"","astra-migrate-meta-layouts":"default","ast-page-background-enabled":"default","ast-page-background-meta":{"desktop":{"background-color":"var(--ast-global-color-5)","background-image":"","background-repeat":"repeat","background-position":"center center","background-size":"auto","background-attachment":"scroll","background-type":"","background-media":"","overlay-type":"","overlay-color":"","overlay-opacity":"","overlay-gradient":""},"tablet":{"background-color":"","background-image":"","background-repeat":"repeat","background-position":"center center","background-size":"auto","background-attachment":"scroll","background-type":"","background-media":"","overlay-type":"","overlay-color":"","overlay-opacity":"","overlay-gradient":""},"mobile":{"background-color":"","background-image":"","background-repeat":"repeat","background-position":"center center","background-size":"auto","background-attachment":"scroll","background-type":"","background-media":"","overlay-type":"","overlay-color":"","overlay-opacity":"","overlay-gradient":""}},"ast-content-background-meta":{"desktop":{"background-color":"var(--ast-global-color-4)","background-image":"","background-repeat":"repeat","background-position":"center center","background-size":"auto","background-attachment":"scroll","background-type":"","background-media":"","overlay-type":"","overlay-color":"","overlay-opacity":"","overlay-gradient":""},"tablet":{"background-color":"var(--ast-global-color-4)","background-image":"","background-repeat":"repeat","background-position":"center center","background-size":"auto","background-attachment":"scroll","background-type":"","background-media":"","overlay-type":"","overlay-color":"","overlay-opacity":"","overlay-gradient":""},"mobile":{"background-color":"var(--ast-global-color-4)","background-image":"","background-repeat":"repeat","background-position":"center center","background-size":"auto","background-attachment":"scroll","background-type":"","background-media":"","overlay-type":"","overlay-color":"","overlay-opacity":"","overlay-gradient":""}},"footnotes":""},"class_list":["post-455","page","type-page","status-publish","hentry"],"yoast_head":"<!-- This site is optimized with the Yoast SEO plugin v27.1.1 - https:\/\/yoast.com\/product\/yoast-seo-wordpress\/ -->\n<title>Aktuelles - XPLR-7<\/title>\n<meta name=\"robots\" content=\"index, follow, max-snippet:-1, max-image-preview:large, max-video-preview:-1\" \/>\n<link rel=\"canonical\" href=\"https:\/\/xplr7.com\/en\/aktuelles\/\" \/>\n<meta property=\"og:locale\" content=\"en_GB\" \/>\n<meta property=\"og:type\" content=\"article\" \/>\n<meta property=\"og:title\" content=\"Aktuelles - XPLR-7\" \/>\n<meta property=\"og:description\" content=\"Bei welchen Messen und Veranstaltungen findest du uns \u00a0 Sei gepsannt welche Termin f\u00fcr 2026 folgen&#8230; Wir k\u00f6nnen es kaum [&hellip;]\" \/>\n<meta property=\"og:url\" content=\"https:\/\/xplr7.com\/en\/aktuelles\/\" \/>\n<meta property=\"og:site_name\" content=\"XPLR-7\" \/>\n<meta property=\"article:modified_time\" content=\"2025-10-05T11:29:27+00:00\" \/>\n<meta property=\"og:image\" content=\"https:\/\/xplr7.com\/wp-content\/plugins\/elementor\/assets\/images\/placeholder.png\" \/>\n<meta name=\"twitter:card\" content=\"summary_large_image\" \/>\n<meta name=\"twitter:label1\" content=\"Estimated reading time\" \/>\n\t<meta name=\"twitter:data1\" content=\"1 minute\" \/>\n<script type=\"application\/ld+json\" class=\"yoast-schema-graph\">{\"@context\":\"https:\/\/schema.org\",\"@graph\":[{\"@type\":\"WebPage\",\"@id\":\"https:\/\/xplr7.com\/aktuelles\/\",\"url\":\"https:\/\/xplr7.com\/aktuelles\/\",\"name\":\"Aktuelles - XPLR-7\",\"isPartOf\":{\"@id\":\"https:\/\/xplr7.com\/#website\"},\"primaryImageOfPage\":{\"@id\":\"https:\/\/xplr7.com\/aktuelles\/#primaryimage\"},\"image\":{\"@id\":\"https:\/\/xplr7.com\/aktuelles\/#primaryimage\"},\"thumbnailUrl\":\"https:\/\/xplr7.com\/wp-content\/plugins\/elementor\/assets\/images\/placeholder.png\",\"datePublished\":\"2025-09-29T08:22:58+00:00\",\"dateModified\":\"2025-10-05T11:29:27+00:00\",\"breadcrumb\":{\"@id\":\"https:\/\/xplr7.com\/aktuelles\/#breadcrumb\"},\"inLanguage\":\"en-GB\",\"potentialAction\":[{\"@type\":\"ReadAction\",\"target\":[\"https:\/\/xplr7.com\/aktuelles\/\"]}]},{\"@type\":\"ImageObject\",\"inLanguage\":\"en-GB\",\"@id\":\"https:\/\/xplr7.com\/aktuelles\/#primaryimage\",\"url\":\"https:\/\/xplr7.com\/wp-content\/plugins\/elementor\/assets\/images\/placeholder.png\",\"contentUrl\":\"https:\/\/xplr7.com\/wp-content\/plugins\/elementor\/assets\/images\/placeholder.png\"},{\"@type\":\"BreadcrumbList\",\"@id\":\"https:\/\/xplr7.com\/aktuelles\/#breadcrumb\",\"itemListElement\":[{\"@type\":\"ListItem\",\"position\":1,\"name\":\"Startseite\",\"item\":\"https:\/\/xplr7.com\/\"},{\"@type\":\"ListItem\",\"position\":2,\"name\":\"Aktuelles\"}]},{\"@type\":\"WebSite\",\"@id\":\"https:\/\/xplr7.com\/#website\",\"url\":\"https:\/\/xplr7.com\/\",\"name\":\"XPLR-7\",\"description\":\"Adventure &amp; Exploration Vehicle-Gear\",\"publisher\":{\"@id\":\"https:\/\/xplr7.com\/#organization\"},\"potentialAction\":[{\"@type\":\"SearchAction\",\"target\":{\"@type\":\"EntryPoint\",\"urlTemplate\":\"https:\/\/xplr7.com\/?s={search_term_string}\"},\"query-input\":{\"@type\":\"PropertyValueSpecification\",\"valueRequired\":true,\"valueName\":\"search_term_string\"}}],\"inLanguage\":\"en-GB\"},{\"@type\":\"Organization\",\"@id\":\"https:\/\/xplr7.com\/#organization\",\"name\":\"XPLR-7\",\"url\":\"https:\/\/xplr7.com\/\",\"logo\":{\"@type\":\"ImageObject\",\"inLanguage\":\"en-GB\",\"@id\":\"https:\/\/xplr7.com\/#\/schema\/logo\/image\/\",\"url\":\"https:\/\/xplr7.com\/wp-content\/uploads\/2025\/10\/cropped-Logo_V2.png\",\"contentUrl\":\"https:\/\/xplr7.com\/wp-content\/uploads\/2025\/10\/cropped-Logo_V2.png\",\"width\":930,\"height\":453,\"caption\":\"XPLR-7\"},\"image\":{\"@id\":\"https:\/\/xplr7.com\/#\/schema\/logo\/image\/\"}}]}<\/script>\n<!-- \/ Yoast SEO plugin. -->","yoast_head_json":{"title":"Aktuelles - XPLR-7","robots":{"index":"index","follow":"follow","max-snippet":"max-snippet:-1","max-image-preview":"max-image-preview:large","max-video-preview":"max-video-preview:-1"},"canonical":"https:\/\/xplr7.com\/en\/aktuelles\/","og_locale":"en_GB","og_type":"article","og_title":"Aktuelles - XPLR-7","og_description":"Bei welchen Messen und Veranstaltungen findest du uns \u00a0 Sei gepsannt welche Termin f\u00fcr 2026 folgen&#8230; Wir k\u00f6nnen es kaum [&hellip;]","og_url":"https:\/\/xplr7.com\/en\/aktuelles\/","og_site_name":"XPLR-7","article_modified_time":"2025-10-05T11:29:27+00:00","og_image":[{"url":"https:\/\/xplr7.com\/wp-content\/plugins\/elementor\/assets\/images\/placeholder.png","type":"","width":"","height":""}],"twitter_card":"summary_large_image","twitter_misc":{"Estimated reading time":"1 minute"},"schema":{"@context":"https:\/\/schema.org","@graph":[{"@type":"WebPage","@id":"https:\/\/xplr7.com\/aktuelles\/","url":"https:\/\/xplr7.com\/aktuelles\/","name":"Aktuelles - XPLR-7","isPartOf":{"@id":"https:\/\/xplr7.com\/#website"},"primaryImageOfPage":{"@id":"https:\/\/xplr7.com\/aktuelles\/#primaryimage"},"image":{"@id":"https:\/\/xplr7.com\/aktuelles\/#primaryimage"},"thumbnailUrl":"https:\/\/xplr7.com\/wp-content\/plugins\/elementor\/assets\/images\/placeholder.png","datePublished":"2025-09-29T08:22:58+00:00","dateModified":"2025-10-05T11:29:27+00:00","breadcrumb":{"@id":"https:\/\/xplr7.com\/aktuelles\/#breadcrumb"},"inLanguage":"en-GB","potentialAction":[{"@type":"ReadAction","target":["https:\/\/xplr7.com\/aktuelles\/"]}]},{"@type":"ImageObject","inLanguage":"en-GB","@id":"https:\/\/xplr7.com\/aktuelles\/#primaryimage","url":"https:\/\/xplr7.com\/wp-content\/plugins\/elementor\/assets\/images\/placeholder.png","contentUrl":"https:\/\/xplr7.com\/wp-content\/plugins\/elementor\/assets\/images\/placeholder.png"},{"@type":"BreadcrumbList","@id":"https:\/\/xplr7.com\/aktuelles\/#breadcrumb","itemListElement":[{"@type":"ListItem","position":1,"name":"Startseite","item":"https:\/\/xplr7.com\/"},{"@type":"ListItem","position":2,"name":"Aktuelles"}]},{"@type":"WebSite","@id":"https:\/\/xplr7.com\/#website","url":"https:\/\/xplr7.com\/","name":"XPLR-7","description":"Adventure &amp; Exploration Vehicle-Gear","publisher":{"@id":"https:\/\/xplr7.com\/#organization"},"potentialAction":[{"@type":"SearchAction","target":{"@type":"EntryPoint","urlTemplate":"https:\/\/xplr7.com\/?s={search_term_string}"},"query-input":{"@type":"PropertyValueSpecification","valueRequired":true,"valueName":"search_term_string"}}],"inLanguage":"en-GB"},{"@type":"Organization","@id":"https:\/\/xplr7.com\/#organization","name":"XPLR-7","url":"https:\/\/xplr7.com\/","logo":{"@type":"ImageObject","inLanguage":"en-GB","@id":"https:\/\/xplr7.com\/#\/schema\/logo\/image\/","url":"https:\/\/xplr7.com\/wp-content\/uploads\/2025\/10\/cropped-Logo_V2.png","contentUrl":"https:\/\/xplr7.com\/wp-content\/uploads\/2025\/10\/cropped-Logo_V2.png","width":930,"height":453,"caption":"XPLR-7"},"image":{"@id":"https:\/\/xplr7.com\/#\/schema\/logo\/image\/"}}]}},"_hostinger_reach_plugin_has_subscription_block":false,"_hostinger_reach_plugin_is_elementor":false,"_links":{"self":[{"href":"https:\/\/xplr7.com\/en\/wp-json\/wp\/v2\/pages\/455","targetHints":{"allow":["GET"]}}],"collection":[{"href":"https:\/\/xplr7.com\/en\/wp-json\/wp\/v2\/pages"}],"about":[{"href":"https:\/\/xplr7.com\/en\/wp-json\/wp\/v2\/types\/page"}],"author":[{"embeddable":true,"href":"https:\/\/xplr7.com\/en\/wp-json\/wp\/v2\/users\/1"}],"replies":[{"embeddable":true,"href":"https:\/\/xplr7.com\/en\/wp-json\/wp\/v2\/comments?post=455"}],"version-history":[{"count":44,"href":"https:\/\/xplr7.com\/en\/wp-json\/wp\/v2\/pages\/455\/revisions"}],"predecessor-version":[{"id":1141,"href":"https:\/\/xplr7.com\/en\/wp-json\/wp\/v2\/pages\/455\/revisions\/1141"}],"wp:attachment":[{"href":"https:\/\/xplr7.com\/en\/wp-json\/wp\/v2\/media?parent=455"}],"curies":[{"name":"wp","href":"https:\/\/api.w.org\/{rel}","templated":true}]}}