{"id":247,"date":"2025-09-27T11:21:34","date_gmt":"2025-09-27T11:21:34","guid":{"rendered":"https:\/\/xplr7.com\/?page_id=247"},"modified":"2025-10-06T09:43:09","modified_gmt":"2025-10-06T08:43:09","slug":"ueber-uns","status":"publish","type":"page","link":"https:\/\/xplr7.com\/en\/ueber-uns\/","title":{"rendered":"\u00dcber uns"},"content":{"rendered":"<div data-elementor-type=\"wp-page\" data-elementor-id=\"247\" class=\"elementor elementor-247\" data-elementor-settings=\"{&quot;ha_cmc_init_switcher&quot;:&quot;no&quot;}\">\n\t\t\t\t<div class=\"elementor-element elementor-element-4f0d498 e-flex e-con-boxed e-con e-parent\" data-id=\"4f0d498\" data-element_type=\"container\" data-e-type=\"container\" data-settings=\"{&quot;_ha_eqh_enable&quot;:false}\">\n\t\t\t\t\t<div class=\"e-con-inner\">\n\t\t\t\t<div class=\"elementor-element elementor-element-ddceb4c elementor-widget elementor-widget-spacer\" data-id=\"ddceb4c\" data-element_type=\"widget\" data-e-type=\"widget\" data-widget_type=\"spacer.default\">\n\t\t\t\t\t\t\t<div class=\"elementor-spacer\">\n\t\t\t<div class=\"elementor-spacer-inner\"><\/div>\n\t\t<\/div>\n\t\t\t\t\t\t<\/div>\n\t\t\t\t<div class=\"elementor-element elementor-element-db57e2b elementor-widget elementor-widget-heading\" data-id=\"db57e2b\" data-element_type=\"widget\" data-e-type=\"widget\" data-widget_type=\"heading.default\">\n\t\t\t\t\t<h2 class=\"elementor-heading-title elementor-size-default\">\u00dcber uns<\/h2>\t\t\t\t<\/div>\n\t\t\t\t\t<\/div>\n\t\t\t\t<\/div>\n\t\t<div class=\"elementor-element elementor-element-1682851 e-flex e-con-boxed e-con e-parent\" data-id=\"1682851\" data-element_type=\"container\" data-e-type=\"container\" data-settings=\"{&quot;_ha_eqh_enable&quot;:false}\">\n\t\t\t\t\t<div class=\"e-con-inner\">\n\t\t\t\t<div class=\"elementor-element elementor-element-5c4d8ac elementor-widget elementor-widget-spacer\" data-id=\"5c4d8ac\" data-element_type=\"widget\" data-e-type=\"widget\" data-widget_type=\"spacer.default\">\n\t\t\t\t\t\t\t<div class=\"elementor-spacer\">\n\t\t\t<div class=\"elementor-spacer-inner\"><\/div>\n\t\t<\/div>\n\t\t\t\t\t\t<\/div>\n\t\t\t\t\t<\/div>\n\t\t\t\t<\/div>\n\t\t<div class=\"elementor-element elementor-element-71b9db0 e-flex e-con-boxed e-con e-parent\" data-id=\"71b9db0\" data-element_type=\"container\" data-e-type=\"container\" data-settings=\"{&quot;_ha_eqh_enable&quot;:false}\">\n\t\t\t\t\t<div class=\"e-con-inner\">\n\t\t<div class=\"elementor-element elementor-element-f08b93f e-con-full e-flex e-con e-child\" data-id=\"f08b93f\" data-element_type=\"container\" data-e-type=\"container\" data-settings=\"{&quot;_ha_eqh_enable&quot;:false}\">\n\t\t\t\t<div class=\"elementor-element elementor-element-b1d83cb elementor-widget elementor-widget-heading\" data-id=\"b1d83cb\" data-element_type=\"widget\" data-e-type=\"widget\" data-widget_type=\"heading.default\">\n\t\t\t\t\t<h2 class=\"elementor-heading-title elementor-size-default\">Unser Team<\/h2>\t\t\t\t<\/div>\n\t\t\t\t<div class=\"elementor-element elementor-element-a29f41d elementor-widget elementor-widget-text-editor\" data-id=\"a29f41d\" data-element_type=\"widget\" data-e-type=\"widget\" data-widget_type=\"text-editor.default\">\n\t\t\t\t\t\t\t\t\t<p>Erfahre mehr \u00fcber die Menschen die XPLR-7 zu dem machen was es ist.<\/p>\t\t\t\t\t\t\t\t<\/div>\n\t\t\t\t<\/div>\n\t\t<div class=\"elementor-element elementor-element-1cdc1b5 e-con-full e-flex e-con e-child\" data-id=\"1cdc1b5\" data-element_type=\"container\" data-e-type=\"container\" data-settings=\"{&quot;_ha_eqh_enable&quot;:false}\">\n\t\t\t\t<div class=\"elementor-element elementor-element-ed3efd1 elementor-widget elementor-widget-image\" data-id=\"ed3efd1\" data-element_type=\"widget\" data-e-type=\"widget\" data-widget_type=\"image.default\">\n\t\t\t\t\t\t\t\t\t\t\t\t\t\t\t<img decoding=\"async\" src=\"https:\/\/xplr7.com\/wp-content\/plugins\/elementor\/assets\/images\/placeholder.png\" title=\"\" alt=\"\" loading=\"lazy\" \/>\t\t\t\t\t\t\t\t\t\t\t\t\t\t\t<\/div>\n\t\t\t\t<\/div>\n\t\t\t\t\t<\/div>\n\t\t\t\t<\/div>\n\t\t<div class=\"elementor-element elementor-element-2e3eff6 e-flex e-con-boxed e-con e-parent\" data-id=\"2e3eff6\" data-element_type=\"container\" data-e-type=\"container\" data-settings=\"{&quot;_ha_eqh_enable&quot;:false}\">\n\t\t\t\t\t<div class=\"e-con-inner\">\n\t\t\t\t<div class=\"elementor-element elementor-element-2fc49f0 elementor-widget elementor-widget-spacer\" data-id=\"2fc49f0\" data-element_type=\"widget\" data-e-type=\"widget\" data-widget_type=\"spacer.default\">\n\t\t\t\t\t\t\t<div class=\"elementor-spacer\">\n\t\t\t<div class=\"elementor-spacer-inner\"><\/div>\n\t\t<\/div>\n\t\t\t\t\t\t<\/div>\n\t\t\t\t\t<\/div>\n\t\t\t\t<\/div>\n\t\t<div class=\"elementor-element elementor-element-847e6a5 e-flex e-con-boxed e-con e-parent\" data-id=\"847e6a5\" data-element_type=\"container\" data-e-type=\"container\" data-settings=\"{&quot;_ha_eqh_enable&quot;:false}\">\n\t\t\t\t\t<div class=\"e-con-inner\">\n\t\t<div class=\"elementor-element elementor-element-b23a8c3 e-con-full e-flex e-con e-child\" data-id=\"b23a8c3\" data-element_type=\"container\" data-e-type=\"container\" data-settings=\"{&quot;_ha_eqh_enable&quot;:false}\">\n\t\t\t\t<div class=\"elementor-element elementor-element-4069338 elementor-widget elementor-widget-image\" data-id=\"4069338\" data-element_type=\"widget\" data-e-type=\"widget\" data-widget_type=\"image.default\">\n\t\t\t\t\t\t\t\t\t\t\t\t\t\t\t<img decoding=\"async\" src=\"https:\/\/xplr7.com\/wp-content\/plugins\/elementor\/assets\/images\/placeholder.png\" title=\"\" alt=\"\" loading=\"lazy\" \/>\t\t\t\t\t\t\t\t\t\t\t\t\t\t\t<\/div>\n\t\t\t\t<\/div>\n\t\t<div class=\"elementor-element elementor-element-74713a9 e-con-full e-flex e-con e-child\" data-id=\"74713a9\" data-element_type=\"container\" data-e-type=\"container\" data-settings=\"{&quot;_ha_eqh_enable&quot;:false}\">\n\t\t\t\t<div class=\"elementor-element elementor-element-730bb25 elementor-widget elementor-widget-heading\" data-id=\"730bb25\" data-element_type=\"widget\" data-e-type=\"widget\" data-widget_type=\"heading.default\">\n\t\t\t\t\t<h2 class=\"elementor-heading-title elementor-size-default\">Aktuelles<\/h2>\t\t\t\t<\/div>\n\t\t\t\t<\/div>\n\t\t\t\t\t<\/div>\n\t\t\t\t<\/div>\n\t\t<div class=\"elementor-element elementor-element-99e1c74 e-flex e-con-boxed e-con e-parent\" data-id=\"99e1c74\" data-element_type=\"container\" data-e-type=\"container\" data-settings=\"{&quot;_ha_eqh_enable&quot;:false}\">\n\t\t\t\t\t<div class=\"e-con-inner\">\n\t\t\t\t<div class=\"elementor-element elementor-element-f9f17a8 elementor-widget elementor-widget-spacer\" data-id=\"f9f17a8\" data-element_type=\"widget\" data-e-type=\"widget\" data-widget_type=\"spacer.default\">\n\t\t\t\t\t\t\t<div class=\"elementor-spacer\">\n\t\t\t<div class=\"elementor-spacer-inner\"><\/div>\n\t\t<\/div>\n\t\t\t\t\t\t<\/div>\n\t\t\t\t\t<\/div>\n\t\t\t\t<\/div>\n\t\t<div class=\"elementor-element elementor-element-9970605 e-flex e-con-boxed e-con e-parent\" data-id=\"9970605\" data-element_type=\"container\" data-e-type=\"container\" data-settings=\"{&quot;_ha_eqh_enable&quot;:false}\">\n\t\t\t\t\t<div class=\"e-con-inner\">\n\t\t<div class=\"elementor-element elementor-element-4a6ab1e e-con-full e-flex e-con e-child\" data-id=\"4a6ab1e\" data-element_type=\"container\" data-e-type=\"container\" data-settings=\"{&quot;_ha_eqh_enable&quot;:false}\">\n\t\t\t\t<div class=\"elementor-element elementor-element-b2d4713 elementor-widget elementor-widget-heading\" data-id=\"b2d4713\" data-element_type=\"widget\" data-e-type=\"widget\" data-widget_type=\"heading.default\">\n\t\t\t\t\t<h2 class=\"elementor-heading-title elementor-size-default\">Jobs<\/h2>\t\t\t\t<\/div>\n\t\t\t\t<\/div>\n\t\t<div class=\"elementor-element elementor-element-99d616c e-con-full e-flex e-con e-child\" data-id=\"99d616c\" data-element_type=\"container\" data-e-type=\"container\" data-settings=\"{&quot;_ha_eqh_enable&quot;:false}\">\n\t\t\t\t<div class=\"elementor-element elementor-element-42a7599 elementor-widget elementor-widget-image\" data-id=\"42a7599\" data-element_type=\"widget\" data-e-type=\"widget\" data-widget_type=\"image.default\">\n\t\t\t\t\t\t\t\t\t\t\t\t\t\t\t<img decoding=\"async\" src=\"https:\/\/xplr7.com\/wp-content\/plugins\/elementor\/assets\/images\/placeholder.png\" title=\"\" alt=\"\" loading=\"lazy\" \/>\t\t\t\t\t\t\t\t\t\t\t\t\t\t\t<\/div>\n\t\t\t\t<\/div>\n\t\t\t\t\t<\/div>\n\t\t\t\t<\/div>\n\t\t<div class=\"elementor-element elementor-element-485132a e-flex e-con-boxed e-con e-parent\" data-id=\"485132a\" data-element_type=\"container\" data-e-type=\"container\" data-settings=\"{&quot;_ha_eqh_enable&quot;:false}\">\n\t\t\t\t\t<div class=\"e-con-inner\">\n\t\t\t\t<div class=\"elementor-element elementor-element-ba8aa8f elementor-widget elementor-widget-spacer\" data-id=\"ba8aa8f\" data-element_type=\"widget\" data-e-type=\"widget\" data-widget_type=\"spacer.default\">\n\t\t\t\t\t\t\t<div class=\"elementor-spacer\">\n\t\t\t<div class=\"elementor-spacer-inner\"><\/div>\n\t\t<\/div>\n\t\t\t\t\t\t<\/div>\n\t\t\t\t\t<\/div>\n\t\t\t\t<\/div>\n\t\t\t\t<\/div>","protected":false},"excerpt":{"rendered":"<p>\u00dcber uns Unser Team Erfahre mehr \u00fcber die Menschen die XPLR-7 zu dem machen was es ist. Aktuelles Jobs<\/p>","protected":false},"author":1,"featured_media":0,"parent":0,"menu_order":0,"comment_status":"closed","ping_status":"closed","template":"","meta":{"site-sidebar-layout":"no-sidebar","site-content-layout":"","ast-site-content-layout":"full-width-container","site-content-style":"default","site-sidebar-style":"default","ast-global-header-display":"","ast-banner-title-visibility":"","ast-main-header-display":"","ast-hfb-above-header-display":"","ast-hfb-below-header-display":"","ast-hfb-mobile-header-display":"","site-post-title":"disabled","ast-breadcrumbs-content":"","ast-featured-img":"disabled","footer-sml-layout":"","ast-disable-related-posts":"","theme-transparent-header-meta":"","adv-header-id-meta":"","stick-header-meta":"","header-above-stick-meta":"","header-main-stick-meta":"","header-below-stick-meta":"","astra-migrate-meta-layouts":"default","ast-page-background-enabled":"default","ast-page-background-meta":{"desktop":{"background-color":"var(--ast-global-color-5)","background-image":"","background-repeat":"repeat","background-position":"center center","background-size":"auto","background-attachment":"scroll","background-type":"","background-media":"","overlay-type":"","overlay-color":"","overlay-opacity":"","overlay-gradient":""},"tablet":{"background-color":"","background-image":"","background-repeat":"repeat","background-position":"center center","background-size":"auto","background-attachment":"scroll","background-type":"","background-media":"","overlay-type":"","overlay-color":"","overlay-opacity":"","overlay-gradient":""},"mobile":{"background-color":"","background-image":"","background-repeat":"repeat","background-position":"center center","background-size":"auto","background-attachment":"scroll","background-type":"","background-media":"","overlay-type":"","overlay-color":"","overlay-opacity":"","overlay-gradient":""}},"ast-content-background-meta":{"desktop":{"background-color":"var(--ast-global-color-4)","background-image":"","background-repeat":"repeat","background-position":"center center","background-size":"auto","background-attachment":"scroll","background-type":"","background-media":"","overlay-type":"","overlay-color":"","overlay-opacity":"","overlay-gradient":""},"tablet":{"background-color":"var(--ast-global-color-4)","background-image":"","background-repeat":"repeat","background-position":"center center","background-size":"auto","background-attachment":"scroll","background-type":"","background-media":"","overlay-type":"","overlay-color":"","overlay-opacity":"","overlay-gradient":""},"mobile":{"background-color":"var(--ast-global-color-4)","background-image":"","background-repeat":"repeat","background-position":"center center","background-size":"auto","background-attachment":"scroll","background-type":"","background-media":"","overlay-type":"","overlay-color":"","overlay-opacity":"","overlay-gradient":""}},"footnotes":""},"class_list":["post-247","page","type-page","status-publish","hentry"],"yoast_head":"<!-- This site is optimized with the Yoast SEO plugin v27.1.1 - https:\/\/yoast.com\/product\/yoast-seo-wordpress\/ -->\n<title>\u00dcber uns - XPLR-7<\/title>\n<meta name=\"robots\" content=\"index, follow, max-snippet:-1, max-image-preview:large, max-video-preview:-1\" \/>\n<link rel=\"canonical\" href=\"https:\/\/xplr7.com\/en\/ueber-uns\/\" \/>\n<meta property=\"og:locale\" content=\"en_GB\" \/>\n<meta property=\"og:type\" content=\"article\" \/>\n<meta property=\"og:title\" content=\"\u00dcber uns - XPLR-7\" \/>\n<meta property=\"og:description\" content=\"\u00dcber uns Unser Team Erfahre mehr \u00fcber die Menschen die XPLR-7 zu dem machen was es ist. Aktuelles Jobs\" \/>\n<meta property=\"og:url\" content=\"https:\/\/xplr7.com\/en\/ueber-uns\/\" \/>\n<meta property=\"og:site_name\" content=\"XPLR-7\" \/>\n<meta property=\"article:modified_time\" content=\"2025-10-06T08:43:09+00:00\" \/>\n<meta property=\"og:image\" content=\"https:\/\/xplr7.com\/wp-content\/plugins\/elementor\/assets\/images\/placeholder.png\" \/>\n<meta name=\"twitter:card\" content=\"summary_large_image\" \/>\n<meta name=\"twitter:label1\" content=\"Estimated reading time\" \/>\n\t<meta name=\"twitter:data1\" content=\"1 minute\" \/>\n<script type=\"application\/ld+json\" class=\"yoast-schema-graph\">{\"@context\":\"https:\/\/schema.org\",\"@graph\":[{\"@type\":\"WebPage\",\"@id\":\"https:\/\/xplr7.com\/ueber-uns\/\",\"url\":\"https:\/\/xplr7.com\/ueber-uns\/\",\"name\":\"\u00dcber uns - XPLR-7\",\"isPartOf\":{\"@id\":\"https:\/\/xplr7.com\/#website\"},\"primaryImageOfPage\":{\"@id\":\"https:\/\/xplr7.com\/ueber-uns\/#primaryimage\"},\"image\":{\"@id\":\"https:\/\/xplr7.com\/ueber-uns\/#primaryimage\"},\"thumbnailUrl\":\"https:\/\/xplr7.com\/wp-content\/plugins\/elementor\/assets\/images\/placeholder.png\",\"datePublished\":\"2025-09-27T11:21:34+00:00\",\"dateModified\":\"2025-10-06T08:43:09+00:00\",\"breadcrumb\":{\"@id\":\"https:\/\/xplr7.com\/ueber-uns\/#breadcrumb\"},\"inLanguage\":\"en-GB\",\"potentialAction\":[{\"@type\":\"ReadAction\",\"target\":[\"https:\/\/xplr7.com\/ueber-uns\/\"]}]},{\"@type\":\"ImageObject\",\"inLanguage\":\"en-GB\",\"@id\":\"https:\/\/xplr7.com\/ueber-uns\/#primaryimage\",\"url\":\"https:\/\/xplr7.com\/wp-content\/plugins\/elementor\/assets\/images\/placeholder.png\",\"contentUrl\":\"https:\/\/xplr7.com\/wp-content\/plugins\/elementor\/assets\/images\/placeholder.png\"},{\"@type\":\"BreadcrumbList\",\"@id\":\"https:\/\/xplr7.com\/ueber-uns\/#breadcrumb\",\"itemListElement\":[{\"@type\":\"ListItem\",\"position\":1,\"name\":\"Startseite\",\"item\":\"https:\/\/xplr7.com\/\"},{\"@type\":\"ListItem\",\"position\":2,\"name\":\"\u00dcber uns\"}]},{\"@type\":\"WebSite\",\"@id\":\"https:\/\/xplr7.com\/#website\",\"url\":\"https:\/\/xplr7.com\/\",\"name\":\"XPLR-7\",\"description\":\"Adventure &amp; Exploration Vehicle-Gear\",\"publisher\":{\"@id\":\"https:\/\/xplr7.com\/#organization\"},\"potentialAction\":[{\"@type\":\"SearchAction\",\"target\":{\"@type\":\"EntryPoint\",\"urlTemplate\":\"https:\/\/xplr7.com\/?s={search_term_string}\"},\"query-input\":{\"@type\":\"PropertyValueSpecification\",\"valueRequired\":true,\"valueName\":\"search_term_string\"}}],\"inLanguage\":\"en-GB\"},{\"@type\":\"Organization\",\"@id\":\"https:\/\/xplr7.com\/#organization\",\"name\":\"XPLR-7\",\"url\":\"https:\/\/xplr7.com\/\",\"logo\":{\"@type\":\"ImageObject\",\"inLanguage\":\"en-GB\",\"@id\":\"https:\/\/xplr7.com\/#\/schema\/logo\/image\/\",\"url\":\"https:\/\/xplr7.com\/wp-content\/uploads\/2025\/10\/cropped-Logo_V2.png\",\"contentUrl\":\"https:\/\/xplr7.com\/wp-content\/uploads\/2025\/10\/cropped-Logo_V2.png\",\"width\":930,\"height\":453,\"caption\":\"XPLR-7\"},\"image\":{\"@id\":\"https:\/\/xplr7.com\/#\/schema\/logo\/image\/\"}}]}<\/script>\n<!-- \/ Yoast SEO plugin. -->","yoast_head_json":{"title":"\u00dcber uns - XPLR-7","robots":{"index":"index","follow":"follow","max-snippet":"max-snippet:-1","max-image-preview":"max-image-preview:large","max-video-preview":"max-video-preview:-1"},"canonical":"https:\/\/xplr7.com\/en\/ueber-uns\/","og_locale":"en_GB","og_type":"article","og_title":"\u00dcber uns - XPLR-7","og_description":"\u00dcber uns Unser Team Erfahre mehr \u00fcber die Menschen die XPLR-7 zu dem machen was es ist. Aktuelles Jobs","og_url":"https:\/\/xplr7.com\/en\/ueber-uns\/","og_site_name":"XPLR-7","article_modified_time":"2025-10-06T08:43:09+00:00","og_image":[{"url":"https:\/\/xplr7.com\/wp-content\/plugins\/elementor\/assets\/images\/placeholder.png","type":"","width":"","height":""}],"twitter_card":"summary_large_image","twitter_misc":{"Estimated reading time":"1 minute"},"schema":{"@context":"https:\/\/schema.org","@graph":[{"@type":"WebPage","@id":"https:\/\/xplr7.com\/ueber-uns\/","url":"https:\/\/xplr7.com\/ueber-uns\/","name":"\u00dcber uns - XPLR-7","isPartOf":{"@id":"https:\/\/xplr7.com\/#website"},"primaryImageOfPage":{"@id":"https:\/\/xplr7.com\/ueber-uns\/#primaryimage"},"image":{"@id":"https:\/\/xplr7.com\/ueber-uns\/#primaryimage"},"thumbnailUrl":"https:\/\/xplr7.com\/wp-content\/plugins\/elementor\/assets\/images\/placeholder.png","datePublished":"2025-09-27T11:21:34+00:00","dateModified":"2025-10-06T08:43:09+00:00","breadcrumb":{"@id":"https:\/\/xplr7.com\/ueber-uns\/#breadcrumb"},"inLanguage":"en-GB","potentialAction":[{"@type":"ReadAction","target":["https:\/\/xplr7.com\/ueber-uns\/"]}]},{"@type":"ImageObject","inLanguage":"en-GB","@id":"https:\/\/xplr7.com\/ueber-uns\/#primaryimage","url":"https:\/\/xplr7.com\/wp-content\/plugins\/elementor\/assets\/images\/placeholder.png","contentUrl":"https:\/\/xplr7.com\/wp-content\/plugins\/elementor\/assets\/images\/placeholder.png"},{"@type":"BreadcrumbList","@id":"https:\/\/xplr7.com\/ueber-uns\/#breadcrumb","itemListElement":[{"@type":"ListItem","position":1,"name":"Startseite","item":"https:\/\/xplr7.com\/"},{"@type":"ListItem","position":2,"name":"\u00dcber uns"}]},{"@type":"WebSite","@id":"https:\/\/xplr7.com\/#website","url":"https:\/\/xplr7.com\/","name":"XPLR-7","description":"Adventure &amp; Exploration Vehicle-Gear","publisher":{"@id":"https:\/\/xplr7.com\/#organization"},"potentialAction":[{"@type":"SearchAction","target":{"@type":"EntryPoint","urlTemplate":"https:\/\/xplr7.com\/?s={search_term_string}"},"query-input":{"@type":"PropertyValueSpecification","valueRequired":true,"valueName":"search_term_string"}}],"inLanguage":"en-GB"},{"@type":"Organization","@id":"https:\/\/xplr7.com\/#organization","name":"XPLR-7","url":"https:\/\/xplr7.com\/","logo":{"@type":"ImageObject","inLanguage":"en-GB","@id":"https:\/\/xplr7.com\/#\/schema\/logo\/image\/","url":"https:\/\/xplr7.com\/wp-content\/uploads\/2025\/10\/cropped-Logo_V2.png","contentUrl":"https:\/\/xplr7.com\/wp-content\/uploads\/2025\/10\/cropped-Logo_V2.png","width":930,"height":453,"caption":"XPLR-7"},"image":{"@id":"https:\/\/xplr7.com\/#\/schema\/logo\/image\/"}}]}},"_hostinger_reach_plugin_has_subscription_block":false,"_hostinger_reach_plugin_is_elementor":false,"_links":{"self":[{"href":"https:\/\/xplr7.com\/en\/wp-json\/wp\/v2\/pages\/247","targetHints":{"allow":["GET"]}}],"collection":[{"href":"https:\/\/xplr7.com\/en\/wp-json\/wp\/v2\/pages"}],"about":[{"href":"https:\/\/xplr7.com\/en\/wp-json\/wp\/v2\/types\/page"}],"author":[{"embeddable":true,"href":"https:\/\/xplr7.com\/en\/wp-json\/wp\/v2\/users\/1"}],"replies":[{"embeddable":true,"href":"https:\/\/xplr7.com\/en\/wp-json\/wp\/v2\/comments?post=247"}],"version-history":[{"count":11,"href":"https:\/\/xplr7.com\/en\/wp-json\/wp\/v2\/pages\/247\/revisions"}],"predecessor-version":[{"id":1157,"href":"https:\/\/xplr7.com\/en\/wp-json\/wp\/v2\/pages\/247\/revisions\/1157"}],"wp:attachment":[{"href":"https:\/\/xplr7.com\/en\/wp-json\/wp\/v2\/media?parent=247"}],"curies":[{"name":"wp","href":"https:\/\/api.w.org\/{rel}","templated":true}]}}